{"id":1768,"date":"2014-02-11T16:01:14","date_gmt":"2014-02-11T18:01:14","guid":{"rendered":"http:\/\/lucianakanbach.com.br\/?page_id=1768"},"modified":"2014-08-14T17:09:42","modified_gmt":"2014-08-14T20:09:42","slug":"curso","status":"publish","type":"page","link":"https:\/\/lucianakanbach.com.br\/?page_id=1768","title":{"rendered":"Curso"},"content":{"rendered":"<p style=\"text-align: right;\"><a href=\"http:\/\/lucianakanbach.com.br\/wp-content\/uploads\/CONTINUA\u00c7\u00c3O-APRIMORAMENTO-SITE.1.jpg\"><img decoding=\"async\" loading=\"lazy\" class=\"alignnone size-large wp-image-1816 alignright\" alt=\"CONTINUA\u00c7\u00c3O APRIMORAMENTO SITE.\" src=\"http:\/\/lucianakanbach.com.br\/wp-content\/uploads\/CONTINUA\u00c7\u00c3O-APRIMORAMENTO-SITE.1-1024x541.jpg\" width=\"620\" height=\"327\" srcset=\"https:\/\/lucianakanbach.com.br\/wp-content\/uploads\/CONTINUA\u00c7\u00c3O-APRIMORAMENTO-SITE.1-1024x541.jpg 1024w, https:\/\/lucianakanbach.com.br\/wp-content\/uploads\/CONTINUA\u00c7\u00c3O-APRIMORAMENTO-SITE.1-300x158.jpg 300w, https:\/\/lucianakanbach.com.br\/wp-content\/uploads\/CONTINUA\u00c7\u00c3O-APRIMORAMENTO-SITE.1.jpg 1512w\" sizes=\"(max-width: 620px) 100vw, 620px\" \/><\/a><em>Mostra &#8220;Niter\u00f3i Artes de Portas Abertas&#8221;<\/em><\/p>\n<p style=\"text-align: center;\"><strong>Curso Livre de Arte e Artesanato<\/strong><\/p>\n<p style=\"text-align: left;\">\u00a0 \u00a0 \u00a0 \u00a0 \u00a0O Curso Livre de Arte e artesanato \u00e9 direcionado principalmente ao p\u00fablico jovem e adulto, n\u00e3o havendo \u00a0 \u00a0 \u00a0necessidade de qualquer tipo de pr\u00e9-requisito ou habilidade espec\u00edfica.\u00a0Toda a parte de arte ou artesanato que \u00a0voc\u00ea encontrar no site, poder\u00e1 ser estudado nas aulas: telas, pinturas sobre cer\u00e2mica, arranjos, bambus, esculturas, gravuras&#8230;<\/p>\n<p style=\"text-align: center;\"><strong>Em nosso curso aprenderemos\/aprimoraremos:<\/strong><\/p>\n<p style=\"text-align: left;\"><strong>\u00a0 &#8211; <span style=\"text-decoration: underline;\">Teoria das Cores<\/span><\/strong> &#8211; Neste curso teremos aulas sobre teoria das cores e aprenderemos a materializar qualquer \u00a0 cor que desejarmos.<\/p>\n<p style=\"text-align: left;\"><strong>\u00a0 &#8211; <span style=\"text-decoration: underline;\">Os Grandes Artistas<\/span> &#8211;<\/strong> Faz parte deste curso o estudo de vida e obra de Pintores, Artistas Pl\u00e1sticos e Grandes \u00a0 Mestres; tanto contempor\u00e2neos como do passado.<\/p>\n<p style=\"text-align: left;\"><strong>\u00a0 &#8211; <span style=\"text-decoration: underline;\">Treinar o Olhar<\/span> &#8211;<\/strong> Tudo que precisamos para \u00a0a execu\u00e7\u00e3o de uma obra est\u00e1 pr\u00f3ximo aos nossos olhos. Basta \u00a0 \u00a0 trein\u00e1-los!<\/p>\n<p style=\"text-align: left;\"><strong>\u00a0 &#8211; <span style=\"text-decoration: underline;\">Pintura sobre<\/span>:<\/strong> Cer\u00e2mica \/ Tela \/ Bambu \/ Tecido \/ Madeira \/ Papel e etc&#8230;<\/p>\n<p style=\"text-align: left;\"><strong>\u00a0 &#8211; <span style=\"text-decoration: underline;\">Pintura com<\/span>:<\/strong> Tinta Acr\u00edlica \/ Crayon \/ Pastel \/ Tinta de Dedo \/ Nanquim e etc&#8230;<\/p>\n<p>&nbsp;<\/p>","protected":false},"excerpt":{"rendered":"<p>Mostra &#8220;Niter\u00f3i Artes de Portas Abertas&#8221; Curso Livre de Arte e Artesanato \u00a0 \u00a0 \u00a0 \u00a0 \u00a0O Curso Livre de Arte e artesanato \u00e9 direcionado principalmente ao p\u00fablico jovem e adulto, n\u00e3o havendo \u00a0 \u00a0 \u00a0necessidade de qualquer tipo de pr\u00e9-requisito ou habilidade espec\u00edfica.\u00a0Toda a parte de arte ou artesanato que \u00a0voc\u00ea encontrar no site, [&hellip;]<\/p>\n","protected":false},"author":1,"featured_media":0,"parent":0,"menu_order":0,"comment_status":"open","ping_status":"open","template":"","meta":[],"_links":{"self":[{"href":"https:\/\/lucianakanbach.com.br\/index.php?rest_route=\/wp\/v2\/pages\/1768"}],"collection":[{"href":"https:\/\/lucianakanbach.com.br\/index.php?rest_route=\/wp\/v2\/pages"}],"about":[{"href":"https:\/\/lucianakanbach.com.br\/index.php?rest_route=\/wp\/v2\/types\/page"}],"author":[{"embeddable":true,"href":"https:\/\/lucianakanbach.com.br\/index.php?rest_route=\/wp\/v2\/users\/1"}],"replies":[{"embeddable":true,"href":"https:\/\/lucianakanbach.com.br\/index.php?rest_route=%2Fwp%2Fv2%2Fcomments&post=1768"}],"version-history":[{"count":11,"href":"https:\/\/lucianakanbach.com.br\/index.php?rest_route=\/wp\/v2\/pages\/1768\/revisions"}],"predecessor-version":[{"id":2109,"href":"https:\/\/lucianakanbach.com.br\/index.php?rest_route=\/wp\/v2\/pages\/1768\/revisions\/2109"}],"wp:attachment":[{"href":"https:\/\/lucianakanbach.com.br\/index.php?rest_route=%2Fwp%2Fv2%2Fmedia&parent=1768"}],"curies":[{"name":"wp","href":"https:\/\/api.w.org\/{rel}","templated":true}]}}