{"id":1749,"date":"2014-02-10T15:04:51","date_gmt":"2014-02-10T17:04:51","guid":{"rendered":"http:\/\/lucianakanbach.com.br\/?page_id=1749"},"modified":"2014-02-10T15:04:51","modified_gmt":"2014-02-10T17:04:51","slug":"mobiles","status":"publish","type":"page","link":"https:\/\/lucianakanbach.com.br\/?page_id=1749","title":{"rendered":"M\u00f3biles"},"content":{"rendered":"<div class='photo-galleria' >\n\t\t<style type=\"text\/css\">\n\t\t\t#gallery-1 {\n\t\t\t\tmargin: auto;\n\t\t\t}\n\t\t\t#gallery-1 .gallery-item {\n\t\t\t\tfloat: left;\n\t\t\t\tmargin-top: 10px;\n\t\t\t\ttext-align: center;\n\t\t\t\twidth: 33%;\n\t\t\t}\n\t\t\t#gallery-1 img {\n\t\t\t\tborder: 2px solid #cfcfcf;\n\t\t\t}\n\t\t\t#gallery-1 .gallery-caption {\n\t\t\t\tmargin-left: 0;\n\t\t\t}\n\t\t\t\/* see gallery_shortcode() in wp-includes\/media.php *\/\n\t\t<\/style>\n\t\t<div id='gallery-1' class='gallery galleryid-1749 gallery-columns-3 gallery-size-thumbnail'><dl class='gallery-item'>\n\t\t\t<dt class='gallery-icon portrait'>\n\t\t\t\t<a href='https:\/\/lucianakanbach.com.br\/wp-content\/uploads\/133.jpg' title='1'><img width=\"150\" height=\"150\" src=\"https:\/\/lucianakanbach.com.br\/wp-content\/uploads\/133-150x150.jpg\" class=\"attachment-thumbnail size-thumbnail\" alt=\"\" decoding=\"async\" loading=\"lazy\" \/><\/a>\n\t\t\t<\/dt><\/dl><dl class='gallery-item'>\n\t\t\t<dt class='gallery-icon portrait'>\n\t\t\t\t<a href='https:\/\/lucianakanbach.com.br\/wp-content\/uploads\/229.jpg' title='2'><img width=\"150\" height=\"150\" src=\"https:\/\/lucianakanbach.com.br\/wp-content\/uploads\/229-150x150.jpg\" class=\"attachment-thumbnail size-thumbnail\" alt=\"\" decoding=\"async\" loading=\"lazy\" \/><\/a>\n\t\t\t<\/dt><\/dl><dl class='gallery-item'>\n\t\t\t<dt class='gallery-icon portrait'>\n\t\t\t\t<a href='https:\/\/lucianakanbach.com.br\/wp-content\/uploads\/C\u00cdRCULOS-Brancos1-701x1024.jpg' title='C\u00cdRCULOS Brancos'><img width=\"150\" height=\"150\" src=\"https:\/\/lucianakanbach.com.br\/wp-content\/uploads\/C\u00cdRCULOS-Brancos1-150x150.jpg\" class=\"attachment-thumbnail size-thumbnail\" alt=\"\" decoding=\"async\" loading=\"lazy\" \/><\/a>\n\t\t\t<\/dt><\/dl><br style=\"clear: both\" \/><dl class='gallery-item'>\n\t\t\t<dt class='gallery-icon portrait'>\n\t\t\t\t<a href='https:\/\/lucianakanbach.com.br\/wp-content\/uploads\/m\u00f3biles-negros-390x1024.jpg' title='m\u00f3biles negros'><img width=\"150\" height=\"150\" src=\"https:\/\/lucianakanbach.com.br\/wp-content\/uploads\/m\u00f3biles-negros-150x150.jpg\" class=\"attachment-thumbnail size-thumbnail\" alt=\"\" decoding=\"async\" loading=\"lazy\" \/><\/a>\n\t\t\t<\/dt><\/dl><dl class='gallery-item'>\n\t\t\t<dt class='gallery-icon portrait'>\n\t\t\t\t<a href='https:\/\/lucianakanbach.com.br\/wp-content\/uploads\/m\u00f3biles-negros-2-507x1024.jpg' title='m\u00f3biles negros 2'><img width=\"150\" height=\"150\" src=\"https:\/\/lucianakanbach.com.br\/wp-content\/uploads\/m\u00f3biles-negros-2-150x150.jpg\" class=\"attachment-thumbnail size-thumbnail\" alt=\"\" decoding=\"async\" loading=\"lazy\" \/><\/a>\n\t\t\t<\/dt><\/dl><dl class='gallery-item'>\n\t\t\t<dt class='gallery-icon portrait'>\n\t\t\t\t<a href='https:\/\/lucianakanbach.com.br\/wp-content\/uploads\/m\u00f3biles-associa\u00e7\u00e3o.-m\u00e9dica-de-niteroi--525x1024.jpg' title='m\u00f3biles associa\u00e7\u00e3o. m\u00e9dica de niteroi'><img width=\"150\" height=\"150\" src=\"https:\/\/lucianakanbach.com.br\/wp-content\/uploads\/m\u00f3biles-associa\u00e7\u00e3o.-m\u00e9dica-de-niteroi--150x150.jpg\" class=\"attachment-thumbnail size-thumbnail\" alt=\"\" decoding=\"async\" loading=\"lazy\" \/><\/a>\n\t\t\t<\/dt><\/dl><br style=\"clear: both\" \/><dl class='gallery-item'>\n\t\t\t<dt class='gallery-icon portrait'>\n\t\t\t\t<a href='https:\/\/lucianakanbach.com.br\/wp-content\/uploads\/bambu1-557x1024.jpg' title='bambu'><img width=\"150\" height=\"150\" src=\"https:\/\/lucianakanbach.com.br\/wp-content\/uploads\/bambu1-150x150.jpg\" class=\"attachment-thumbnail size-thumbnail\" alt=\"\" decoding=\"async\" loading=\"lazy\" \/><\/a>\n\t\t\t<\/dt><\/dl><dl class='gallery-item'>\n\t\t\t<dt class='gallery-icon portrait'>\n\t\t\t\t<a href='https:\/\/lucianakanbach.com.br\/wp-content\/uploads\/m\u00f3bile-acr\u00edlico-e-sementes1-544x1024.jpg' title='m\u00f3bile acr\u00edlico e sementes'><img width=\"150\" height=\"150\" src=\"https:\/\/lucianakanbach.com.br\/wp-content\/uploads\/m\u00f3bile-acr\u00edlico-e-sementes1-150x150.jpg\" class=\"attachment-thumbnail size-thumbnail\" alt=\"\" decoding=\"async\" loading=\"lazy\" \/><\/a>\n\t\t\t<\/dt><\/dl>\n\t\t\t<br style='clear: both' \/>\n\t\t<\/div>\n<\/div><!-- .photo-galleria -->","protected":false},"excerpt":{"rendered":"","protected":false},"author":1,"featured_media":0,"parent":0,"menu_order":0,"comment_status":"open","ping_status":"open","template":"","meta":[],"_links":{"self":[{"href":"https:\/\/lucianakanbach.com.br\/index.php?rest_route=\/wp\/v2\/pages\/1749"}],"collection":[{"href":"https:\/\/lucianakanbach.com.br\/index.php?rest_route=\/wp\/v2\/pages"}],"about":[{"href":"https:\/\/lucianakanbach.com.br\/index.php?rest_route=\/wp\/v2\/types\/page"}],"author":[{"embeddable":true,"href":"https:\/\/lucianakanbach.com.br\/index.php?rest_route=\/wp\/v2\/users\/1"}],"replies":[{"embeddable":true,"href":"https:\/\/lucianakanbach.com.br\/index.php?rest_route=%2Fwp%2Fv2%2Fcomments&post=1749"}],"version-history":[{"count":1,"href":"https:\/\/lucianakanbach.com.br\/index.php?rest_route=\/wp\/v2\/pages\/1749\/revisions"}],"predecessor-version":[{"id":1758,"href":"https:\/\/lucianakanbach.com.br\/index.php?rest_route=\/wp\/v2\/pages\/1749\/revisions\/1758"}],"wp:attachment":[{"href":"https:\/\/lucianakanbach.com.br\/index.php?rest_route=%2Fwp%2Fv2%2Fmedia&parent=1749"}],"curies":[{"name":"wp","href":"https:\/\/api.w.org\/{rel}","templated":true}]}}