{"id":1650,"date":"2013-12-11T17:46:56","date_gmt":"2013-12-11T19:46:56","guid":{"rendered":"http:\/\/projetoopus.com.br\/luciana\/?page_id=1650"},"modified":"2014-02-10T15:08:07","modified_gmt":"2014-02-10T17:08:07","slug":"midia","status":"publish","type":"page","link":"https:\/\/lucianakanbach.com.br\/?page_id=1650","title":{"rendered":"M\u00eddia"},"content":{"rendered":"<div class='photo-galleria' >\n\t\t<style type=\"text\/css\">\n\t\t\t#gallery-1 {\n\t\t\t\tmargin: auto;\n\t\t\t}\n\t\t\t#gallery-1 .gallery-item {\n\t\t\t\tfloat: left;\n\t\t\t\tmargin-top: 10px;\n\t\t\t\ttext-align: center;\n\t\t\t\twidth: 33%;\n\t\t\t}\n\t\t\t#gallery-1 img {\n\t\t\t\tborder: 2px solid #cfcfcf;\n\t\t\t}\n\t\t\t#gallery-1 .gallery-caption {\n\t\t\t\tmargin-left: 0;\n\t\t\t}\n\t\t\t\/* see gallery_shortcode() in wp-includes\/media.php *\/\n\t\t<\/style>\n\t\t<div id='gallery-1' class='gallery galleryid-1650 gallery-columns-3 gallery-size-thumbnail'><dl class='gallery-item'>\n\t\t\t<dt class='gallery-icon landscape'>\n\t\t\t\t<a href='https:\/\/lucianakanbach.com.br\/wp-content\/uploads\/1-1024x825.jpeg' title='1'><img width=\"150\" height=\"150\" src=\"https:\/\/lucianakanbach.com.br\/wp-content\/uploads\/1-150x150.jpeg\" class=\"attachment-thumbnail size-thumbnail\" alt=\"\" decoding=\"async\" loading=\"lazy\" \/><\/a>\n\t\t\t<\/dt><\/dl><dl class='gallery-item'>\n\t\t\t<dt class='gallery-icon portrait'>\n\t\t\t\t<a href='https:\/\/lucianakanbach.com.br\/wp-content\/uploads\/2-900x1024.jpeg' title='2'><img width=\"150\" height=\"150\" src=\"https:\/\/lucianakanbach.com.br\/wp-content\/uploads\/2-150x150.jpeg\" class=\"attachment-thumbnail size-thumbnail\" alt=\"\" decoding=\"async\" loading=\"lazy\" \/><\/a>\n\t\t\t<\/dt><\/dl><dl class='gallery-item'>\n\t\t\t<dt class='gallery-icon landscape'>\n\t\t\t\t<a href='https:\/\/lucianakanbach.com.br\/wp-content\/uploads\/boa-vida-especial-decora\u00e7\u00e3o-de16-a22-de-junho-13-1024x561.jpeg' title='boa vida especial decora\u00e7\u00e3o  de16 a22 de junho 13'><img width=\"150\" height=\"150\" src=\"https:\/\/lucianakanbach.com.br\/wp-content\/uploads\/boa-vida-especial-decora\u00e7\u00e3o-de16-a22-de-junho-13-150x150.jpeg\" class=\"attachment-thumbnail size-thumbnail\" alt=\"\" decoding=\"async\" loading=\"lazy\" \/><\/a>\n\t\t\t<\/dt><\/dl><br style=\"clear: both\" \/><dl class='gallery-item'>\n\t\t\t<dt class='gallery-icon portrait'>\n\t\t\t\t<a href='https:\/\/lucianakanbach.com.br\/wp-content\/uploads\/casa-e-ambiente-beb\u00ea-2-729x1024.jpeg' title='casa e ambiente beb\u00ea 2'><img width=\"150\" height=\"150\" src=\"https:\/\/lucianakanbach.com.br\/wp-content\/uploads\/casa-e-ambiente-beb\u00ea-2-150x150.jpeg\" class=\"attachment-thumbnail size-thumbnail\" alt=\"\" decoding=\"async\" loading=\"lazy\" \/><\/a>\n\t\t\t<\/dt><\/dl><dl class='gallery-item'>\n\t\t\t<dt class='gallery-icon portrait'>\n\t\t\t\t<a href='https:\/\/lucianakanbach.com.br\/wp-content\/uploads\/casa-e-ambiente-beb\u00ea-ed-52-744x1024.jpeg' title='casa e ambiente beb\u00ea ed 52'><img width=\"150\" height=\"150\" src=\"https:\/\/lucianakanbach.com.br\/wp-content\/uploads\/casa-e-ambiente-beb\u00ea-ed-52-150x150.jpeg\" class=\"attachment-thumbnail size-thumbnail\" alt=\"\" decoding=\"async\" loading=\"lazy\" \/><\/a>\n\t\t\t<\/dt><\/dl><dl class='gallery-item'>\n\t\t\t<dt class='gallery-icon portrait'>\n\t\t\t\t<a href='https:\/\/lucianakanbach.com.br\/wp-content\/uploads\/casa-e-ambiente-beb\u00ea-edi\u00e7\u00e3o-52-740x1024.jpeg' title='casa e ambiente beb\u00ea edi\u00e7\u00e3o 52'><img width=\"150\" height=\"150\" src=\"https:\/\/lucianakanbach.com.br\/wp-content\/uploads\/casa-e-ambiente-beb\u00ea-edi\u00e7\u00e3o-52-150x150.jpeg\" class=\"attachment-thumbnail size-thumbnail\" alt=\"\" decoding=\"async\" loading=\"lazy\" \/><\/a>\n\t\t\t<\/dt><\/dl><br style=\"clear: both\" \/><dl class='gallery-item'>\n\t\t\t<dt class='gallery-icon portrait'>\n\t\t\t\t<a href='https:\/\/lucianakanbach.com.br\/wp-content\/uploads\/casa-e-ambiente-beb\u00ea-744x1024.jpeg' title='casa e ambiente beb\u00ea'><img width=\"150\" height=\"150\" src=\"https:\/\/lucianakanbach.com.br\/wp-content\/uploads\/casa-e-ambiente-beb\u00ea-150x150.jpeg\" class=\"attachment-thumbnail size-thumbnail\" alt=\"\" decoding=\"async\" loading=\"lazy\" \/><\/a>\n\t\t\t<\/dt><\/dl><dl class='gallery-item'>\n\t\t\t<dt class='gallery-icon landscape'>\n\t\t\t\t<a href='https:\/\/lucianakanbach.com.br\/wp-content\/uploads\/especial-decora\u00e7\u00e3o-de-30-de-junho-13-1024x643.jpeg' title='especial decora\u00e7\u00e3o  de 30 de junho 13'><img width=\"150\" height=\"150\" src=\"https:\/\/lucianakanbach.com.br\/wp-content\/uploads\/especial-decora\u00e7\u00e3o-de-30-de-junho-13-150x150.jpeg\" class=\"attachment-thumbnail size-thumbnail\" alt=\"\" decoding=\"async\" loading=\"lazy\" \/><\/a>\n\t\t\t<\/dt><\/dl><dl class='gallery-item'>\n\t\t\t<dt class='gallery-icon landscape'>\n\t\t\t\t<a href='https:\/\/lucianakanbach.com.br\/wp-content\/uploads\/especial-decora\u00e7\u00e3o-de-12-a-18-de-abril-de-2008-1024x547.jpeg' title='especial decora\u00e7\u00e3o de 12 a 18 de abril de 2008'><img width=\"150\" height=\"150\" src=\"https:\/\/lucianakanbach.com.br\/wp-content\/uploads\/especial-decora\u00e7\u00e3o-de-12-a-18-de-abril-de-2008-150x150.jpeg\" class=\"attachment-thumbnail size-thumbnail\" alt=\"\" decoding=\"async\" loading=\"lazy\" \/><\/a>\n\t\t\t<\/dt><\/dl><br style=\"clear: both\" \/><dl class='gallery-item'>\n\t\t\t<dt class='gallery-icon landscape'>\n\t\t\t\t<a href='https:\/\/lucianakanbach.com.br\/wp-content\/uploads\/morar-bem-de-18-de-junho-2011-1024x764.jpeg' title='morar bem de 18 de junho 2011'><img width=\"150\" height=\"150\" src=\"https:\/\/lucianakanbach.com.br\/wp-content\/uploads\/morar-bem-de-18-de-junho-2011-150x150.jpeg\" class=\"attachment-thumbnail size-thumbnail\" alt=\"\" decoding=\"async\" loading=\"lazy\" \/><\/a>\n\t\t\t<\/dt><\/dl><dl class='gallery-item'>\n\t\t\t<dt class='gallery-icon landscape'>\n\t\t\t\t<a href='https:\/\/lucianakanbach.com.br\/wp-content\/uploads\/o-globo-6-setembro-de-2008-1024x688.jpeg' title='o globo  6 setembro de 2008'><img width=\"150\" height=\"150\" src=\"https:\/\/lucianakanbach.com.br\/wp-content\/uploads\/o-globo-6-setembro-de-2008-150x150.jpeg\" class=\"attachment-thumbnail size-thumbnail\" alt=\"\" decoding=\"async\" loading=\"lazy\" \/><\/a>\n\t\t\t<\/dt><\/dl><dl class='gallery-item'>\n\t\t\t<dt class='gallery-icon portrait'>\n\t\t\t\t<a href='https:\/\/lucianakanbach.com.br\/wp-content\/uploads\/souvenier-niteroi-1000x1024.jpeg' title='souvenier niteroi'><img width=\"150\" height=\"150\" src=\"https:\/\/lucianakanbach.com.br\/wp-content\/uploads\/souvenier-niteroi-150x150.jpeg\" class=\"attachment-thumbnail size-thumbnail\" alt=\"\" decoding=\"async\" loading=\"lazy\" \/><\/a>\n\t\t\t<\/dt><\/dl><br style=\"clear: both\" \/><dl class='gallery-item'>\n\t\t\t<dt class='gallery-icon portrait'>\n\t\t\t\t<a href='https:\/\/lucianakanbach.com.br\/wp-content\/uploads\/the-book-1-744x1024.jpeg' title='the book 1'><img width=\"150\" height=\"150\" src=\"https:\/\/lucianakanbach.com.br\/wp-content\/uploads\/the-book-1-150x150.jpeg\" class=\"attachment-thumbnail size-thumbnail\" alt=\"\" decoding=\"async\" loading=\"lazy\" \/><\/a>\n\t\t\t<\/dt><\/dl><dl class='gallery-item'>\n\t\t\t<dt class='gallery-icon portrait'>\n\t\t\t\t<a href='https:\/\/lucianakanbach.com.br\/wp-content\/uploads\/thebook2-744x1024.jpeg' title='thebook2'><img width=\"150\" height=\"150\" src=\"https:\/\/lucianakanbach.com.br\/wp-content\/uploads\/thebook2-150x150.jpeg\" class=\"attachment-thumbnail size-thumbnail\" alt=\"\" decoding=\"async\" loading=\"lazy\" \/><\/a>\n\t\t\t<\/dt><\/dl>\n\t\t\t<br style='clear: both' \/>\n\t\t<\/div>\n<\/div><!-- .photo-galleria -->","protected":false},"excerpt":{"rendered":"","protected":false},"author":1,"featured_media":0,"parent":0,"menu_order":0,"comment_status":"open","ping_status":"closed","template":"","meta":[],"_links":{"self":[{"href":"https:\/\/lucianakanbach.com.br\/index.php?rest_route=\/wp\/v2\/pages\/1650"}],"collection":[{"href":"https:\/\/lucianakanbach.com.br\/index.php?rest_route=\/wp\/v2\/pages"}],"about":[{"href":"https:\/\/lucianakanbach.com.br\/index.php?rest_route=\/wp\/v2\/types\/page"}],"author":[{"embeddable":true,"href":"https:\/\/lucianakanbach.com.br\/index.php?rest_route=\/wp\/v2\/users\/1"}],"replies":[{"embeddable":true,"href":"https:\/\/lucianakanbach.com.br\/index.php?rest_route=%2Fwp%2Fv2%2Fcomments&post=1650"}],"version-history":[{"count":3,"href":"https:\/\/lucianakanbach.com.br\/index.php?rest_route=\/wp\/v2\/pages\/1650\/revisions"}],"predecessor-version":[{"id":1761,"href":"https:\/\/lucianakanbach.com.br\/index.php?rest_route=\/wp\/v2\/pages\/1650\/revisions\/1761"}],"wp:attachment":[{"href":"https:\/\/lucianakanbach.com.br\/index.php?rest_route=%2Fwp%2Fv2%2Fmedia&parent=1650"}],"curies":[{"name":"wp","href":"https:\/\/api.w.org\/{rel}","templated":true}]}}