{"id":1464,"date":"2013-11-28T18:31:57","date_gmt":"2013-11-28T18:31:57","guid":{"rendered":"http:\/\/projetoopus.com.br\/luciana\/?page_id=1464"},"modified":"2014-07-11T10:45:54","modified_gmt":"2014-07-11T13:45:54","slug":"escultura","status":"publish","type":"page","link":"https:\/\/lucianakanbach.com.br\/?page_id=1464","title":{"rendered":"Esculturas"},"content":{"rendered":"<div class='photo-galleria' >\n\t\t<style type=\"text\/css\">\n\t\t\t#gallery-1 {\n\t\t\t\tmargin: auto;\n\t\t\t}\n\t\t\t#gallery-1 .gallery-item {\n\t\t\t\tfloat: left;\n\t\t\t\tmargin-top: 10px;\n\t\t\t\ttext-align: center;\n\t\t\t\twidth: 33%;\n\t\t\t}\n\t\t\t#gallery-1 img {\n\t\t\t\tborder: 2px solid #cfcfcf;\n\t\t\t}\n\t\t\t#gallery-1 .gallery-caption {\n\t\t\t\tmargin-left: 0;\n\t\t\t}\n\t\t\t\/* see gallery_shortcode() in wp-includes\/media.php *\/\n\t\t<\/style>\n\t\t<div id='gallery-1' class='gallery galleryid-1464 gallery-columns-3 gallery-size-thumbnail'><dl class='gallery-item'>\n\t\t\t<dt class='gallery-icon portrait'>\n\t\t\t\t<a href='https:\/\/lucianakanbach.com.br\/wp-content\/uploads\/DSC00529-768x1024.jpg' title='DSC00529'><img width=\"150\" height=\"150\" src=\"https:\/\/lucianakanbach.com.br\/wp-content\/uploads\/DSC00529-150x150.jpg\" class=\"attachment-thumbnail size-thumbnail\" alt=\"\" decoding=\"async\" loading=\"lazy\" \/><\/a>\n\t\t\t<\/dt><\/dl><dl class='gallery-item'>\n\t\t\t<dt class='gallery-icon portrait'>\n\t\t\t\t<a href='https:\/\/lucianakanbach.com.br\/wp-content\/uploads\/1111-729x1024.jpg' title='11'><img width=\"150\" height=\"150\" src=\"https:\/\/lucianakanbach.com.br\/wp-content\/uploads\/1111-150x150.jpg\" class=\"attachment-thumbnail size-thumbnail\" alt=\"\" decoding=\"async\" loading=\"lazy\" \/><\/a>\n\t\t\t<\/dt><\/dl><dl class='gallery-item'>\n\t\t\t<dt class='gallery-icon portrait'>\n\t\t\t\t<a href='https:\/\/lucianakanbach.com.br\/wp-content\/uploads\/Alitera\u00e7\u00f5es.jpg' title='Alitera\u00e7\u00f5es'><img width=\"150\" height=\"150\" src=\"https:\/\/lucianakanbach.com.br\/wp-content\/uploads\/Alitera\u00e7\u00f5es-150x150.jpg\" class=\"attachment-thumbnail size-thumbnail\" alt=\"\" decoding=\"async\" loading=\"lazy\" \/><\/a>\n\t\t\t<\/dt>\n\t\t\t\t<dd class='wp-caption-text gallery-caption' id='gallery-1-1731'>\n\t\t\t\tAlitera\u00e7\u00f5es com 3.000 cristais\n\t\t\t\t<\/dd><\/dl><br style=\"clear: both\" \/><dl class='gallery-item'>\n\t\t\t<dt class='gallery-icon landscape'>\n\t\t\t\t<a href='https:\/\/lucianakanbach.com.br\/wp-content\/uploads\/1210-1024x797.jpg' title='12'><img width=\"150\" height=\"150\" src=\"https:\/\/lucianakanbach.com.br\/wp-content\/uploads\/1210-150x150.jpg\" class=\"attachment-thumbnail size-thumbnail\" alt=\"\" decoding=\"async\" loading=\"lazy\" \/><\/a>\n\t\t\t<\/dt>\n\t\t\t\t<dd class='wp-caption-text gallery-caption' id='gallery-1-1986'>\n\t\t\t\tAdesiva\u00e7\u00e3o &#8211; &#8221; O Mundo&#8221;\n\t\t\t\t<\/dd><\/dl><dl class='gallery-item'>\n\t\t\t<dt class='gallery-icon portrait'>\n\t\t\t\t<a href='https:\/\/lucianakanbach.com.br\/wp-content\/uploads\/93-722x1024.jpg' title='9'><img width=\"150\" height=\"150\" src=\"https:\/\/lucianakanbach.com.br\/wp-content\/uploads\/93-150x150.jpg\" class=\"attachment-thumbnail size-thumbnail\" alt=\"\" decoding=\"async\" loading=\"lazy\" \/><\/a>\n\t\t\t<\/dt>\n\t\t\t\t<dd class='wp-caption-text gallery-caption' id='gallery-1-1984'>\n\t\t\t\tExposi\u00e7\u00e3o Pascoal Carlos Magno\n\t\t\t\t<\/dd><\/dl><dl class='gallery-item'>\n\t\t\t<dt class='gallery-icon landscape'>\n\t\t\t\t<a href='https:\/\/lucianakanbach.com.br\/wp-content\/uploads\/2-sala-jantar-panor-1024x768.jpg' title='2 sala jantar panor'><img width=\"150\" height=\"150\" src=\"https:\/\/lucianakanbach.com.br\/wp-content\/uploads\/2-sala-jantar-panor-150x150.jpg\" class=\"attachment-thumbnail size-thumbnail\" alt=\"\" decoding=\"async\" loading=\"lazy\" \/><\/a>\n\t\t\t<\/dt>\n\t\t\t\t<dd class='wp-caption-text gallery-caption' id='gallery-1-1780'>\n\t\t\t\tEscultura \n\t\t\t\t<\/dd><\/dl><br style=\"clear: both\" \/><dl class='gallery-item'>\n\t\t\t<dt class='gallery-icon landscape'>\n\t\t\t\t<a href='https:\/\/lucianakanbach.com.br\/wp-content\/uploads\/F\u00d3SSEIS1.jpg' title='F\u00d3SSEIS'><img width=\"150\" height=\"150\" src=\"https:\/\/lucianakanbach.com.br\/wp-content\/uploads\/F\u00d3SSEIS1-150x150.jpg\" class=\"attachment-thumbnail size-thumbnail\" alt=\"\" decoding=\"async\" loading=\"lazy\" \/><\/a>\n\t\t\t<\/dt>\n\t\t\t\t<dd class='wp-caption-text gallery-caption' id='gallery-1-1468'>\n\t\t\t\tEscultura em Laca brilho\r\n\n\t\t\t\t<\/dd><\/dl><dl class='gallery-item'>\n\t\t\t<dt class='gallery-icon landscape'>\n\t\t\t\t<a href='https:\/\/lucianakanbach.com.br\/wp-content\/uploads\/162-1024x750.jpg' title='16'><img width=\"150\" height=\"150\" src=\"https:\/\/lucianakanbach.com.br\/wp-content\/uploads\/162-150x150.jpg\" class=\"attachment-thumbnail size-thumbnail\" alt=\"\" decoding=\"async\" loading=\"lazy\" \/><\/a>\n\t\t\t<\/dt><\/dl><dl class='gallery-item'>\n\t\t\t<dt class='gallery-icon portrait'>\n\t\t\t\t<a href='https:\/\/lucianakanbach.com.br\/wp-content\/uploads\/escultura-de-luz-e-poliestileno.jpg' title='escultura de luz e  poliestileno'><img width=\"150\" height=\"150\" src=\"https:\/\/lucianakanbach.com.br\/wp-content\/uploads\/escultura-de-luz-e-poliestileno-150x150.jpg\" class=\"attachment-thumbnail size-thumbnail\" alt=\"\" decoding=\"async\" loading=\"lazy\" \/><\/a>\n\t\t\t<\/dt>\n\t\t\t\t<dd class='wp-caption-text gallery-caption' id='gallery-1-1730'>\n\t\t\t\tEscultura-de-luz-e-poliestileno\n\t\t\t\t<\/dd><\/dl><br style=\"clear: both\" \/><dl class='gallery-item'>\n\t\t\t<dt class='gallery-icon landscape'>\n\t\t\t\t<a href='https:\/\/lucianakanbach.com.br\/wp-content\/uploads\/composi\u00e7\u00e3o3.jpg' title='composi\u00e7\u00e3o'><img width=\"150\" height=\"150\" src=\"https:\/\/lucianakanbach.com.br\/wp-content\/uploads\/composi\u00e7\u00e3o3-150x150.jpg\" class=\"attachment-thumbnail size-thumbnail\" alt=\"\" decoding=\"async\" loading=\"lazy\" \/><\/a>\n\t\t\t<\/dt><\/dl>\n\t\t\t<br style='clear: both' \/>\n\t\t<\/div>\n<\/div><!-- .photo-galleria -->","protected":false},"excerpt":{"rendered":"","protected":false},"author":1,"featured_media":0,"parent":1382,"menu_order":0,"comment_status":"open","ping_status":"open","template":"","meta":[],"_links":{"self":[{"href":"https:\/\/lucianakanbach.com.br\/index.php?rest_route=\/wp\/v2\/pages\/1464"}],"collection":[{"href":"https:\/\/lucianakanbach.com.br\/index.php?rest_route=\/wp\/v2\/pages"}],"about":[{"href":"https:\/\/lucianakanbach.com.br\/index.php?rest_route=\/wp\/v2\/types\/page"}],"author":[{"embeddable":true,"href":"https:\/\/lucianakanbach.com.br\/index.php?rest_route=\/wp\/v2\/users\/1"}],"replies":[{"embeddable":true,"href":"https:\/\/lucianakanbach.com.br\/index.php?rest_route=%2Fwp%2Fv2%2Fcomments&post=1464"}],"version-history":[{"count":12,"href":"https:\/\/lucianakanbach.com.br\/index.php?rest_route=\/wp\/v2\/pages\/1464\/revisions"}],"predecessor-version":[{"id":2034,"href":"https:\/\/lucianakanbach.com.br\/index.php?rest_route=\/wp\/v2\/pages\/1464\/revisions\/2034"}],"up":[{"embeddable":true,"href":"https:\/\/lucianakanbach.com.br\/index.php?rest_route=\/wp\/v2\/pages\/1382"}],"wp:attachment":[{"href":"https:\/\/lucianakanbach.com.br\/index.php?rest_route=%2Fwp%2Fv2%2Fmedia&parent=1464"}],"curies":[{"name":"wp","href":"https:\/\/api.w.org\/{rel}","templated":true}]}}