{"id":1421,"date":"2013-11-28T17:22:34","date_gmt":"2013-11-28T17:22:34","guid":{"rendered":"http:\/\/projetoopus.com.br\/luciana\/?page_id=1421"},"modified":"2013-11-28T17:22:34","modified_gmt":"2013-11-28T17:22:34","slug":"resume","status":"publish","type":"page","link":"https:\/\/lucianakanbach.com.br\/?page_id=1421","title":{"rendered":"Resum\u00e9"},"content":{"rendered":"<div class='photo-galleria' >\n\t\t<style type=\"text\/css\">\n\t\t\t#gallery-1 {\n\t\t\t\tmargin: auto;\n\t\t\t}\n\t\t\t#gallery-1 .gallery-item {\n\t\t\t\tfloat: left;\n\t\t\t\tmargin-top: 10px;\n\t\t\t\ttext-align: center;\n\t\t\t\twidth: 33%;\n\t\t\t}\n\t\t\t#gallery-1 img {\n\t\t\t\tborder: 2px solid #cfcfcf;\n\t\t\t}\n\t\t\t#gallery-1 .gallery-caption {\n\t\t\t\tmargin-left: 0;\n\t\t\t}\n\t\t\t\/* see gallery_shortcode() in wp-includes\/media.php *\/\n\t\t<\/style>\n\t\t<div id='gallery-1' class='gallery galleryid-1421 gallery-columns-3 gallery-size-thumbnail'><dl class='gallery-item'>\n\t\t\t<dt class='gallery-icon landscape'>\n\t\t\t\t<a href='https:\/\/lucianakanbach.com.br\/wp-content\/uploads\/TERRA.jpg' title='TERRA'><img width=\"150\" height=\"150\" src=\"https:\/\/lucianakanbach.com.br\/wp-content\/uploads\/TERRA-150x150.jpg\" class=\"attachment-thumbnail size-thumbnail\" alt=\"\" decoding=\"async\" loading=\"lazy\" \/><\/a>\n\t\t\t<\/dt><\/dl><dl class='gallery-item'>\n\t\t\t<dt class='gallery-icon landscape'>\n\t\t\t\t<a href='https:\/\/lucianakanbach.com.br\/wp-content\/uploads\/7portaria-barra3.jpg' title='7portaria barra3'><img width=\"150\" height=\"150\" src=\"https:\/\/lucianakanbach.com.br\/wp-content\/uploads\/7portaria-barra3-150x150.jpg\" class=\"attachment-thumbnail size-thumbnail\" alt=\"\" decoding=\"async\" loading=\"lazy\" \/><\/a>\n\t\t\t<\/dt><\/dl><dl class='gallery-item'>\n\t\t\t<dt class='gallery-icon landscape'>\n\t\t\t\t<a href='https:\/\/lucianakanbach.com.br\/wp-content\/uploads\/OXIDA\u00c7\u00c3O.jpg' title='OXIDA\u00c7\u00c3O'><img width=\"150\" height=\"150\" src=\"https:\/\/lucianakanbach.com.br\/wp-content\/uploads\/OXIDA\u00c7\u00c3O-150x150.jpg\" class=\"attachment-thumbnail size-thumbnail\" alt=\"\" decoding=\"async\" loading=\"lazy\" \/><\/a>\n\t\t\t<\/dt><\/dl><br style=\"clear: both\" \/><dl class='gallery-item'>\n\t\t\t<dt class='gallery-icon portrait'>\n\t\t\t\t<a href='https:\/\/lucianakanbach.com.br\/wp-content\/uploads\/QUADRADO1.jpg' title='QUADRADO'><img width=\"150\" height=\"150\" src=\"https:\/\/lucianakanbach.com.br\/wp-content\/uploads\/QUADRADO1-150x150.jpg\" class=\"attachment-thumbnail size-thumbnail\" alt=\"\" decoding=\"async\" loading=\"lazy\" \/><\/a>\n\t\t\t<\/dt><\/dl><dl class='gallery-item'>\n\t\t\t<dt class='gallery-icon landscape'>\n\t\t\t\t<a href='https:\/\/lucianakanbach.com.br\/wp-content\/uploads\/SEGUNDO-OLHAR.jpg' title='SEGUNDO OLHAR'><img width=\"150\" height=\"150\" src=\"https:\/\/lucianakanbach.com.br\/wp-content\/uploads\/SEGUNDO-OLHAR-150x150.jpg\" class=\"attachment-thumbnail size-thumbnail\" alt=\"\" decoding=\"async\" loading=\"lazy\" \/><\/a>\n\t\t\t<\/dt><\/dl>\n\t\t\t<br style='clear: both' \/>\n\t\t<\/div>\n<\/div><!-- .photo-galleria -->","protected":false},"excerpt":{"rendered":"","protected":false},"author":1,"featured_media":0,"parent":1388,"menu_order":0,"comment_status":"open","ping_status":"open","template":"","meta":[],"_links":{"self":[{"href":"https:\/\/lucianakanbach.com.br\/index.php?rest_route=\/wp\/v2\/pages\/1421"}],"collection":[{"href":"https:\/\/lucianakanbach.com.br\/index.php?rest_route=\/wp\/v2\/pages"}],"about":[{"href":"https:\/\/lucianakanbach.com.br\/index.php?rest_route=\/wp\/v2\/types\/page"}],"author":[{"embeddable":true,"href":"https:\/\/lucianakanbach.com.br\/index.php?rest_route=\/wp\/v2\/users\/1"}],"replies":[{"embeddable":true,"href":"https:\/\/lucianakanbach.com.br\/index.php?rest_route=%2Fwp%2Fv2%2Fcomments&post=1421"}],"version-history":[{"count":1,"href":"https:\/\/lucianakanbach.com.br\/index.php?rest_route=\/wp\/v2\/pages\/1421\/revisions"}],"predecessor-version":[{"id":1427,"href":"https:\/\/lucianakanbach.com.br\/index.php?rest_route=\/wp\/v2\/pages\/1421\/revisions\/1427"}],"up":[{"embeddable":true,"href":"https:\/\/lucianakanbach.com.br\/index.php?rest_route=\/wp\/v2\/pages\/1388"}],"wp:attachment":[{"href":"https:\/\/lucianakanbach.com.br\/index.php?rest_route=%2Fwp%2Fv2%2Fmedia&parent=1421"}],"curies":[{"name":"wp","href":"https:\/\/api.w.org\/{rel}","templated":true}]}}