{"id":1394,"date":"2013-11-28T17:17:15","date_gmt":"2013-11-28T17:17:15","guid":{"rendered":"http:\/\/projetoopus.com.br\/luciana\/?page_id=1394"},"modified":"2014-06-28T18:36:46","modified_gmt":"2014-06-28T21:36:46","slug":"etnicos","status":"publish","type":"page","link":"https:\/\/lucianakanbach.com.br\/?page_id=1394","title":{"rendered":"\u00c9tnicos"},"content":{"rendered":"<div class='photo-galleria' >\n\t\t<style type=\"text\/css\">\n\t\t\t#gallery-1 {\n\t\t\t\tmargin: auto;\n\t\t\t}\n\t\t\t#gallery-1 .gallery-item {\n\t\t\t\tfloat: left;\n\t\t\t\tmargin-top: 10px;\n\t\t\t\ttext-align: center;\n\t\t\t\twidth: 33%;\n\t\t\t}\n\t\t\t#gallery-1 img {\n\t\t\t\tborder: 2px solid #cfcfcf;\n\t\t\t}\n\t\t\t#gallery-1 .gallery-caption {\n\t\t\t\tmargin-left: 0;\n\t\t\t}\n\t\t\t\/* see gallery_shortcode() in wp-includes\/media.php *\/\n\t\t<\/style>\n\t\t<div id='gallery-1' class='gallery galleryid-1394 gallery-columns-3 gallery-size-thumbnail'><dl class='gallery-item'>\n\t\t\t<dt class='gallery-icon portrait'>\n\t\t\t\t<a href='https:\/\/lucianakanbach.com.br\/wp-content\/uploads\/83-1016x1024.jpg' title='8'><img width=\"150\" height=\"150\" src=\"https:\/\/lucianakanbach.com.br\/wp-content\/uploads\/83-150x150.jpg\" class=\"attachment-thumbnail size-thumbnail\" alt=\"\" decoding=\"async\" loading=\"lazy\" srcset=\"https:\/\/lucianakanbach.com.br\/wp-content\/uploads\/83-150x150.jpg 150w, https:\/\/lucianakanbach.com.br\/wp-content\/uploads\/83-1016x1024.jpg 1016w, https:\/\/lucianakanbach.com.br\/wp-content\/uploads\/83.jpg 1247w\" sizes=\"(max-width: 150px) 100vw, 150px\" \/><\/a>\n\t\t\t<\/dt>\n\t\t\t\t<dd class='wp-caption-text gallery-caption' id='gallery-1-1973'>\n\t\t\t\tPipas &#8211; Exposi\u00e7\u00e3o Mac Niter\u00f3i  &#8211; acr\u00edlica s\/ tela\n\t\t\t\t<\/dd><\/dl><dl class='gallery-item'>\n\t\t\t<dt class='gallery-icon landscape'>\n\t\t\t\t<a href='https:\/\/lucianakanbach.com.br\/wp-content\/uploads\/422-1024x836.jpg' title='4'><img width=\"150\" height=\"150\" src=\"https:\/\/lucianakanbach.com.br\/wp-content\/uploads\/422-150x150.jpg\" class=\"attachment-thumbnail size-thumbnail\" alt=\"\" decoding=\"async\" loading=\"lazy\" \/><\/a>\n\t\t\t<\/dt>\n\t\t\t\t<dd class='wp-caption-text gallery-caption' id='gallery-1-1976'>\n\t\t\t\tAcr\u00edlica s\/ madeira &#8211; Acervo na It\u00e1lia\n\t\t\t\t<\/dd><\/dl><dl class='gallery-item'>\n\t\t\t<dt class='gallery-icon landscape'>\n\t\t\t\t<a href='https:\/\/lucianakanbach.com.br\/wp-content\/uploads\/134-1024x359.jpg' title='1'><img width=\"150\" height=\"150\" src=\"https:\/\/lucianakanbach.com.br\/wp-content\/uploads\/134-150x150.jpg\" class=\"attachment-thumbnail size-thumbnail\" alt=\"\" decoding=\"async\" loading=\"lazy\" \/><\/a>\n\t\t\t<\/dt>\n\t\t\t\t<dd class='wp-caption-text gallery-caption' id='gallery-1-1966'>\n\t\t\t\tTextura e carv\u00e3o s\/ tela\n\t\t\t\t<\/dd><\/dl><br style=\"clear: both\" \/><dl class='gallery-item'>\n\t\t\t<dt class='gallery-icon landscape'>\n\t\t\t\t<a href='https:\/\/lucianakanbach.com.br\/wp-content\/uploads\/510-1024x632.jpg' title='5'><img width=\"150\" height=\"150\" src=\"https:\/\/lucianakanbach.com.br\/wp-content\/uploads\/510-150x150.jpg\" class=\"attachment-thumbnail size-thumbnail\" alt=\"\" decoding=\"async\" loading=\"lazy\" \/><\/a>\n\t\t\t<\/dt>\n\t\t\t\t<dd class='wp-caption-text gallery-caption' id='gallery-1-1977'>\n\t\t\t\tConversas Paralelas\n\t\t\t\t<\/dd><\/dl><dl class='gallery-item'>\n\t\t\t<dt class='gallery-icon landscape'>\n\t\t\t\t<a href='https:\/\/lucianakanbach.com.br\/wp-content\/uploads\/68-1024x537.jpg' title='6'><img width=\"150\" height=\"150\" src=\"https:\/\/lucianakanbach.com.br\/wp-content\/uploads\/68-150x150.jpg\" class=\"attachment-thumbnail size-thumbnail\" alt=\"\" decoding=\"async\" loading=\"lazy\" \/><\/a>\n\t\t\t<\/dt>\n\t\t\t\t<dd class='wp-caption-text gallery-caption' id='gallery-1-1978'>\n\t\t\t\tExposi\u00e7\u00e3o Pascoal Carlos Magno\n\t\t\t\t<\/dd><\/dl><dl class='gallery-item'>\n\t\t\t<dt class='gallery-icon portrait'>\n\t\t\t\t<a href='https:\/\/lucianakanbach.com.br\/wp-content\/uploads\/75-498x1024.jpg' title='7'><img width=\"150\" height=\"150\" src=\"https:\/\/lucianakanbach.com.br\/wp-content\/uploads\/75-150x150.jpg\" class=\"attachment-thumbnail size-thumbnail\" alt=\"\" decoding=\"async\" loading=\"lazy\" \/><\/a>\n\t\t\t<\/dt>\n\t\t\t\t<dd class='wp-caption-text gallery-caption' id='gallery-1-1979'>\n\t\t\t\tExposi\u00e7\u00e3o Faculdades Universo\n\t\t\t\t<\/dd><\/dl><br style=\"clear: both\" \/><dl class='gallery-item'>\n\t\t\t<dt class='gallery-icon landscape'>\n\t\t\t\t<a href='https:\/\/lucianakanbach.com.br\/wp-content\/uploads\/CAMINHOS1.jpg' title='CAMINHOS'><img width=\"150\" height=\"150\" src=\"https:\/\/lucianakanbach.com.br\/wp-content\/uploads\/CAMINHOS1-150x150.jpg\" class=\"attachment-thumbnail size-thumbnail\" alt=\"\" decoding=\"async\" loading=\"lazy\" \/><\/a>\n\t\t\t<\/dt><\/dl><dl class='gallery-item'>\n\t\t\t<dt class='gallery-icon portrait'>\n\t\t\t\t<a href='https:\/\/lucianakanbach.com.br\/wp-content\/uploads\/DIRE\u00c7\u00d5ES1.jpg' title='DIRE\u00c7\u00d5ES'><img width=\"118\" height=\"150\" src=\"https:\/\/lucianakanbach.com.br\/wp-content\/uploads\/DIRE\u00c7\u00d5ES1-118x150.jpg\" class=\"attachment-thumbnail size-thumbnail\" alt=\"\" decoding=\"async\" loading=\"lazy\" \/><\/a>\n\t\t\t<\/dt>\n\t\t\t\t<dd class='wp-caption-text gallery-caption' id='gallery-1-1962'>\n\t\t\t\tAcr\u00edlica s\/ madeira\n\t\t\t\t<\/dd><\/dl><dl class='gallery-item'>\n\t\t\t<dt class='gallery-icon landscape'>\n\t\t\t\t<a href='https:\/\/lucianakanbach.com.br\/wp-content\/uploads\/231.jpg' title='2'><img width=\"150\" height=\"150\" src=\"https:\/\/lucianakanbach.com.br\/wp-content\/uploads\/231-150x150.jpg\" class=\"attachment-thumbnail size-thumbnail\" alt=\"\" decoding=\"async\" loading=\"lazy\" \/><\/a>\n\t\t\t<\/dt><\/dl><br style=\"clear: both\" \/>\n\t\t<\/div>\n<\/div><!-- .photo-galleria -->","protected":false},"excerpt":{"rendered":"","protected":false},"author":1,"featured_media":0,"parent":1388,"menu_order":0,"comment_status":"open","ping_status":"open","template":"","meta":[],"_links":{"self":[{"href":"https:\/\/lucianakanbach.com.br\/index.php?rest_route=\/wp\/v2\/pages\/1394"}],"collection":[{"href":"https:\/\/lucianakanbach.com.br\/index.php?rest_route=\/wp\/v2\/pages"}],"about":[{"href":"https:\/\/lucianakanbach.com.br\/index.php?rest_route=\/wp\/v2\/types\/page"}],"author":[{"embeddable":true,"href":"https:\/\/lucianakanbach.com.br\/index.php?rest_route=\/wp\/v2\/users\/1"}],"replies":[{"embeddable":true,"href":"https:\/\/lucianakanbach.com.br\/index.php?rest_route=%2Fwp%2Fv2%2Fcomments&post=1394"}],"version-history":[{"count":12,"href":"https:\/\/lucianakanbach.com.br\/index.php?rest_route=\/wp\/v2\/pages\/1394\/revisions"}],"predecessor-version":[{"id":1983,"href":"https:\/\/lucianakanbach.com.br\/index.php?rest_route=\/wp\/v2\/pages\/1394\/revisions\/1983"}],"up":[{"embeddable":true,"href":"https:\/\/lucianakanbach.com.br\/index.php?rest_route=\/wp\/v2\/pages\/1388"}],"wp:attachment":[{"href":"https:\/\/lucianakanbach.com.br\/index.php?rest_route=%2Fwp%2Fv2%2Fmedia&parent=1394"}],"curies":[{"name":"wp","href":"https:\/\/api.w.org\/{rel}","templated":true}]}}